{"id":40896,"date":"2023-07-11T17:42:52","date_gmt":"2023-07-11T15:42:52","guid":{"rendered":"https:\/\/staging.dv-immo.ch\/?page_id=40896"},"modified":"2026-02-18T14:09:21","modified_gmt":"2026-02-18T13:09:21","slug":"newsletter-registration","status":"publish","type":"page","link":"https:\/\/www.dv-immo.ch\/en\/newsletter-anmeldung\/","title":{"rendered":"Newsletter registration"},"content":{"rendered":"\t\t<div data-elementor-type=\"wp-page\" data-elementor-id=\"40896\" class=\"elementor elementor-40896\" data-elementor-post-type=\"page\">\n\t\t\t\t\t\t<section class=\"elementor-section elementor-top-section elementor-element elementor-element-291ae1ac elementor-section-height-min-height elementor-section-boxed elementor-section-height-default elementor-section-items-middle\" data-id=\"291ae1ac\" data-element_type=\"section\" data-e-type=\"section\" data-settings=\"{&quot;background_background&quot;:&quot;classic&quot;}\">\n\t\t\t\t\t\t\t<div class=\"elementor-background-overlay\"><\/div>\n\t\t\t\t\t\t\t<div class=\"elementor-container elementor-column-gap-default\">\n\t\t\t\t\t<div class=\"elementor-column elementor-col-50 elementor-top-column elementor-element elementor-element-7929307b elementor-invisible\" data-id=\"7929307b\" data-element_type=\"column\" data-e-type=\"column\" data-settings=\"{&quot;animation&quot;:&quot;zoomIn&quot;}\">\n\t\t\t<div class=\"elementor-widget-wrap elementor-element-populated\">\n\t\t\t\t\t\t<div class=\"elementor-element elementor-element-7093470d elementor-invisible elementor-widget elementor-widget-text-editor\" data-id=\"7093470d\" data-element_type=\"widget\" data-e-type=\"widget\" data-settings=\"{&quot;_animation&quot;:&quot;bounceIn&quot;}\" data-widget_type=\"text-editor.default\">\n\t\t\t\t\t\t\t\t\t<p>Verpassen Sie nicht die neuesten Immobilienangebote<\/p>\t\t\t\t\t\t\t\t<\/div>\n\t\t\t\t<div class=\"elementor-element elementor-element-7b64c564 elementor-widget elementor-widget-heading\" data-id=\"7b64c564\" data-element_type=\"widget\" data-e-type=\"widget\" data-widget_type=\"heading.default\">\n\t\t\t\t\t<h1 class=\"elementor-heading-title elementor-size-default\">Jetzt unseren Newsletter abonnieren<\/h1>\t\t\t\t<\/div>\n\t\t\t\t\t<\/div>\n\t\t<\/div>\n\t\t\t\t<div class=\"elementor-column elementor-col-50 elementor-top-column elementor-element elementor-element-52a8e850\" data-id=\"52a8e850\" data-element_type=\"column\" data-e-type=\"column\">\n\t\t\t<div class=\"elementor-widget-wrap\">\n\t\t\t\t\t\t\t<\/div>\n\t\t<\/div>\n\t\t\t\t\t<\/div>\n\t\t<\/section>\n\t\t\t\t<section class=\"elementor-section elementor-top-section elementor-element elementor-element-4b05a955 elementor-section-boxed elementor-section-height-default elementor-section-height-default\" data-id=\"4b05a955\" data-element_type=\"section\" data-e-type=\"section\">\n\t\t\t\t\t\t<div class=\"elementor-container elementor-column-gap-default\">\n\t\t\t\t\t<div class=\"elementor-column elementor-col-50 elementor-top-column elementor-element elementor-element-5d837492\" data-id=\"5d837492\" data-element_type=\"column\" data-e-type=\"column\">\n\t\t\t<div class=\"elementor-widget-wrap elementor-element-populated\">\n\t\t\t\t\t\t<div class=\"elementor-element elementor-element-5cab3099 elementor-widget elementor-widget-heading\" data-id=\"5cab3099\" data-element_type=\"widget\" data-e-type=\"widget\" data-widget_type=\"heading.default\">\n\t\t\t\t\t<h4 class=\"elementor-heading-title elementor-size-default\">Immer die neuesten Immobilienangebote erhalten<\/h4>\t\t\t\t<\/div>\n\t\t\t\t<div class=\"elementor-element elementor-element-6bd7d6e0 elementor-widget elementor-widget-heading\" data-id=\"6bd7d6e0\" data-element_type=\"widget\" data-e-type=\"widget\" data-widget_type=\"heading.default\">\n\t\t\t\t\t<h2 class=\"elementor-heading-title elementor-size-default\">Della Valle Immobilien Newsletter<\/h2>\t\t\t\t<\/div>\n\t\t\t\t<div class=\"elementor-element elementor-element-3748c809 elementor-view-default elementor-widget elementor-widget-icon\" data-id=\"3748c809\" data-element_type=\"widget\" data-e-type=\"widget\" data-widget_type=\"icon.default\">\n\t\t\t\t\t\t\t<div class=\"elementor-icon-wrapper\">\n\t\t\t<div class=\"elementor-icon\">\n\t\t\t<svg aria-hidden=\"true\" class=\"e-font-icon-svg e-fas-arrow-right\" viewBox=\"0 0 448 512\" xmlns=\"http:\/\/www.w3.org\/2000\/svg\"><path d=\"M190.5 66.9l22.2-22.2c9.4-9.4 24.6-9.4 33.9 0L441 239c9.4 9.4 9.4 24.6 0 33.9L246.6 467.3c-9.4 9.4-24.6 9.4-33.9 0l-22.2-22.2c-9.5-9.5-9.3-25 .4-34.3L311.4 296H24c-13.3 0-24-10.7-24-24v-32c0-13.3 10.7-24 24-24h287.4L190.9 101.2c-9.8-9.3-10-24.8-.4-34.3z\"><\/path><\/svg>\t\t\t<\/div>\n\t\t<\/div>\n\t\t\t\t\t\t<\/div>\n\t\t\t\t<div class=\"elementor-element elementor-element-1e0d5db1 elementor-widget__width-initial elementor-widget elementor-widget-text-editor\" data-id=\"1e0d5db1\" data-element_type=\"widget\" data-e-type=\"widget\" data-widget_type=\"text-editor.default\">\n\t\t\t\t\t\t\t\t\t<p>Melden Sie sich jetzt f\u00fcr unseren Newsletter an und lassen Sie sich keine Neuigkeit mehr entgehen.<\/p>\t\t\t\t\t\t\t\t<\/div>\n\t\t\t\t\t<\/div>\n\t\t<\/div>\n\t\t\t\t<div class=\"elementor-column elementor-col-50 elementor-top-column elementor-element elementor-element-7f17a01f elementor-invisible\" data-id=\"7f17a01f\" data-element_type=\"column\" data-e-type=\"column\" data-settings=\"{&quot;animation&quot;:&quot;fadeInRight&quot;,&quot;animation_delay&quot;:200,&quot;background_background&quot;:&quot;classic&quot;}\">\n\t\t\t<div class=\"elementor-widget-wrap elementor-element-populated\">\n\t\t\t\t\t\t<div class=\"elementor-element elementor-element-de7b00e elementor-widget elementor-widget-heading\" data-id=\"de7b00e\" data-element_type=\"widget\" data-e-type=\"widget\" data-widget_type=\"heading.default\">\n\t\t\t\t\t<h2 class=\"elementor-heading-title elementor-size-default\">Jetzt Newsletter abonnieren!<\/h2>\t\t\t\t<\/div>\n\t\t\t\t<div class=\"elementor-element elementor-element-b7328eb elementor-button-align-stretch elementor-widget elementor-widget-form\" data-id=\"b7328eb\" data-element_type=\"widget\" data-e-type=\"widget\" data-settings=\"{&quot;step_next_label&quot;:&quot;N\\u00e4chster&quot;,&quot;step_previous_label&quot;:&quot;Voriger&quot;,&quot;button_width&quot;:&quot;100&quot;,&quot;step_type&quot;:&quot;number_text&quot;,&quot;step_icon_shape&quot;:&quot;circle&quot;}\" data-widget_type=\"form.default\">\n\t\t\t\t\t\t\t<form class=\"elementor-form\" method=\"post\" name=\"Anmeldung NL\" aria-label=\"Anmeldung NL\">\n\t\t\t<input type=\"hidden\" name=\"post_id\" value=\"40896\"\/>\n\t\t\t<input type=\"hidden\" name=\"form_id\" value=\"b7328eb\"\/>\n\t\t\t<input type=\"hidden\" name=\"referer_title\" value=\"Della Valle Immobilien\" \/>\n\n\t\t\t\n\t\t\t<div class=\"elementor-form-fields-wrapper elementor-labels-\">\n\t\t\t\t\t\t\t\t<div class=\"elementor-field-type-text elementor-field-group elementor-column elementor-field-group-name elementor-col-100 elementor-field-required\">\n\t\t\t\t\t\t\t\t\t\t\t\t<label for=\"form-field-name\" class=\"elementor-field-label elementor-screen-only\">\n\t\t\t\t\t\t\t\tName\t\t\t\t\t\t\t<\/label>\n\t\t\t\t\t\t\t\t\t\t\t\t\t\t<input size=\"1\" type=\"text\" name=\"form_fields[name]\" id=\"form-field-name\" class=\"elementor-field elementor-size-xl  elementor-field-textual\" placeholder=\"Vorname \/ Name\" required=\"required\">\n\t\t\t\t\t\t\t\t\t\t\t<\/div>\n\t\t\t\t\t\t\t\t<div class=\"elementor-field-type-tel elementor-field-group elementor-column elementor-field-group-field_9e75953 elementor-col-100 elementor-field-required\">\n\t\t\t\t\t\t\t<input size=\"1\" type=\"tel\" name=\"form_fields[field_9e75953]\" id=\"form-field-field_9e75953\" class=\"elementor-field elementor-size-xl  elementor-field-textual\" placeholder=\"Telefon\" required=\"required\" pattern=\"[0-9()#&amp;+*-=.]+\" title=\"Only numbers and phone characters (#, -, *, etc) are accepted.\">\n\n\t\t\t\t\t\t<\/div>\n\t\t\t\t\t\t\t\t<div class=\"elementor-field-type-email elementor-field-group elementor-column elementor-field-group-email elementor-col-100 elementor-field-required\">\n\t\t\t\t\t\t\t\t\t\t\t\t<label for=\"form-field-email\" class=\"elementor-field-label elementor-screen-only\">\n\t\t\t\t\t\t\t\tE-Mail\t\t\t\t\t\t\t<\/label>\n\t\t\t\t\t\t\t\t\t\t\t\t\t\t<input size=\"1\" type=\"email\" name=\"form_fields[email]\" id=\"form-field-email\" class=\"elementor-field elementor-size-xl  elementor-field-textual\" placeholder=\"E-Mail\" required=\"required\">\n\t\t\t\t\t\t\t\t\t\t\t<\/div>\n\t\t\t\t\t\t\t\t<div class=\"elementor-field-type-acceptance elementor-field-group elementor-column elementor-field-group-field_c467775 elementor-col-100 elementor-field-required\">\n\t\t\t\t\t\t\t\t\t\t\t\t<label for=\"form-field-field_c467775\" class=\"elementor-field-label elementor-screen-only\">\n\t\t\t\t\t\t\t\tKeine Kommentare\t\t\t\t\t\t\t<\/label>\n\t\t\t\t\t\t\t\t<div class=\"elementor-field-subgroup\">\n\t\t\t<span class=\"elementor-field-option\">\n\t\t\t\t<input type=\"checkbox\" name=\"form_fields[field_c467775]\" id=\"form-field-field_c467775\" class=\"elementor-field elementor-size-xl  elementor-acceptance-field\" required=\"required\">\n\t\t\t\t<label for=\"form-field-field_c467775\">Ich akzeptiere die <a href=\"https:\/\/www.dv-immo.ch\/datenschutz\/\">Datenschutzbestimmungen.<\/a><\/label>\t\t\t<\/span>\n\t\t<\/div>\n\t\t\t\t\t\t<\/div>\n\t\t\t\t\t\t\t\t<div class=\"elementor-field-group elementor-column elementor-field-type-submit elementor-col-100 e-form__buttons\">\n\t\t\t\t\t<button class=\"elementor-button elementor-size-sm\" type=\"submit\">\n\t\t\t\t\t\t<span class=\"elementor-button-content-wrapper\">\n\t\t\t\t\t\t\t\t\t\t\t\t\t\t\t\t\t\t\t\t\t\t<span class=\"elementor-button-text\">abonnieren<\/span>\n\t\t\t\t\t\t\t\t\t\t\t\t\t<\/span>\n\t\t\t\t\t<\/button>\n\t\t\t\t<\/div>\n\t\t\t<\/div>\n\t\t<\/form>\n\t\t\t\t\t\t<\/div>\n\t\t\t\t\t<\/div>\n\t\t<\/div>\n\t\t\t\t\t<\/div>\n\t\t<\/section>\n\t\t\t\t<section class=\"elementor-section elementor-top-section elementor-element elementor-element-125fa2e elementor-section-boxed elementor-section-height-default elementor-section-height-default\" data-id=\"125fa2e\" data-element_type=\"section\" data-e-type=\"section\">\n\t\t\t\t\t\t<div class=\"elementor-container elementor-column-gap-default\">\n\t\t\t\t\t<div class=\"elementor-column elementor-col-100 elementor-top-column elementor-element elementor-element-a47b337\" data-id=\"a47b337\" data-element_type=\"column\" data-e-type=\"column\">\n\t\t\t<div class=\"elementor-widget-wrap elementor-element-populated\">\n\t\t\t\t\t\t<div class=\"elementor-element elementor-element-b5d6131 elementor-widget elementor-widget-heading\" data-id=\"b5d6131\" data-element_type=\"widget\" data-e-type=\"widget\" data-widget_type=\"heading.default\">\n\t\t\t\t\t<h2 class=\"elementor-heading-title elementor-size-default\">Ihre Vorteile<\/h2>\t\t\t\t<\/div>\n\t\t\t\t\t<\/div>\n\t\t<\/div>\n\t\t\t\t\t<\/div>\n\t\t<\/section>\n\t\t\t\t<section class=\"elementor-section elementor-top-section elementor-element elementor-element-d460fe3 elementor-section-boxed elementor-section-height-default elementor-section-height-default\" data-id=\"d460fe3\" data-element_type=\"section\" data-e-type=\"section\">\n\t\t\t\t\t\t<div class=\"elementor-container elementor-column-gap-wide\">\n\t\t\t\t\t<div class=\"elementor-column elementor-col-33 elementor-top-column elementor-element elementor-element-9d906f4\" data-id=\"9d906f4\" data-element_type=\"column\" data-e-type=\"column\">\n\t\t\t<div class=\"elementor-widget-wrap elementor-element-populated\">\n\t\t\t\t\t\t<div class=\"elementor-element elementor-element-947f0c7 elementor-widget elementor-widget-image-box\" data-id=\"947f0c7\" data-element_type=\"widget\" data-e-type=\"widget\" data-widget_type=\"image-box.default\">\n\t\t\t\t\t<div class=\"elementor-image-box-wrapper\"><div class=\"elementor-image-box-content\"><h3 class=\"elementor-image-box-title\">Fr\u00fchzeitige Information<\/h3><p class=\"elementor-image-box-description\">Als Newsletter-Abonnent informieren wir Sie \u00fcber alle Neuank\u00fcndigungen noch vor der breiten \u00d6ffentlichkeit. Seien Sie unter den Ersten und nutzen Sie die Chance, die allerneuesten Immobilienangeboten vorab zu sichten.<\/p><\/div><\/div>\t\t\t\t<\/div>\n\t\t\t\t\t<\/div>\n\t\t<\/div>\n\t\t\t\t<div class=\"elementor-column elementor-col-33 elementor-top-column elementor-element elementor-element-6ebfad1\" data-id=\"6ebfad1\" data-element_type=\"column\" data-e-type=\"column\">\n\t\t\t<div class=\"elementor-widget-wrap elementor-element-populated\">\n\t\t\t\t\t\t<div class=\"elementor-element elementor-element-49c8672 elementor-widget elementor-widget-image-box\" data-id=\"49c8672\" data-element_type=\"widget\" data-e-type=\"widget\" data-widget_type=\"image-box.default\">\n\t\t\t\t\t<div class=\"elementor-image-box-wrapper\"><div class=\"elementor-image-box-content\"><h3 class=\"elementor-image-box-title\">Exklusive Verkaufs-dokumentation<\/h3><p class=\"elementor-image-box-description\">Verschaffen Sie sich auf Ihrer Eigenheimsuche einen Vorteil, indem Sie als Newsletter-Abonnent unter den  Ersten sind, die die detaillierten Verkaufsdokumentationen zu unseren Immobilien anfordern k\u00f6nnen.<\/p><\/div><\/div>\t\t\t\t<\/div>\n\t\t\t\t\t<\/div>\n\t\t<\/div>\n\t\t\t\t<div class=\"elementor-column elementor-col-33 elementor-top-column elementor-element elementor-element-109954a\" data-id=\"109954a\" data-element_type=\"column\" data-e-type=\"column\">\n\t\t\t<div class=\"elementor-widget-wrap elementor-element-populated\">\n\t\t\t\t\t\t<div class=\"elementor-element elementor-element-496fecc elementor-widget elementor-widget-image-box\" data-id=\"496fecc\" data-element_type=\"widget\" data-e-type=\"widget\" data-widget_type=\"image-box.default\">\n\t\t\t\t\t<div class=\"elementor-image-box-wrapper\"><div class=\"elementor-image-box-content\"><h3 class=\"elementor-image-box-title\">Neubauprojekte im Fokus<\/h3><p class=\"elementor-image-box-description\">M\u00f6chten Sie Erstbez\u00fcger einer Neubauwohnung sein? Mit unserem Newsletter erhalten Sie vorab exklusive Ank\u00fcndigungen und Informationen zu allen aktuellen und kommenden Neubauprojekten.<\/p><\/div><\/div>\t\t\t\t<\/div>\n\t\t\t\t\t<\/div>\n\t\t<\/div>\n\t\t\t\t\t<\/div>\n\t\t<\/section>\n\t\t\t\t<\/div>\n\t\t","protected":false},"excerpt":{"rendered":"<p>Verpassen Sie nicht die neuesten Immobilienangebote Jetzt unseren Newsletter abonnieren Immer die neuesten Immobilienangebote erhalten Della Valle Immobilien Newsletter Melden Sie sich jetzt f\u00fcr unseren Newsletter an und lassen Sie sich keine Neuigkeit mehr entgehen. Jetzt Newsletter abonnieren! Ihre Vorteile Fr\u00fchzeitige Information Als Newsletter-Abonnent informieren wir Sie \u00fcber alle Neuank\u00fcndigungen noch vor der breiten \u00d6ffentlichkeit. [&hellip;]<\/p>\n","protected":false},"author":19,"featured_media":0,"parent":0,"menu_order":0,"comment_status":"closed","ping_status":"closed","template":"elementor_header_footer","meta":{"_acf_changed":false,"footnotes":""},"class_list":["post-40896","page","type-page","status-publish","hentry"],"acf":[],"yoast_head":"<!-- This site is optimized with the Yoast SEO plugin v27.1.1 - https:\/\/yoast.com\/product\/yoast-seo-wordpress\/ -->\n<title>Newsletter Anmeldung - Della Valle Immobilien<\/title>\n<meta name=\"description\" content=\"Als Newsletter-Abonnent informieren wir Sie \u00fcber alle Neuank\u00fcndigungen noch vor der breiten \u00d6ffentlichkeit. Seien Sie unter den Ersten.\" \/>\n<meta name=\"robots\" content=\"index, follow, max-snippet:-1, max-image-preview:large, max-video-preview:-1\" \/>\n<link rel=\"canonical\" href=\"https:\/\/www.dv-immo.ch\/en\/newsletter-registration\/\" \/>\n<meta property=\"og:locale\" content=\"en_GB\" \/>\n<meta property=\"og:type\" content=\"article\" \/>\n<meta property=\"og:title\" content=\"Newsletter Anmeldung - Della Valle Immobilien\" \/>\n<meta property=\"og:description\" content=\"Als Newsletter-Abonnent informieren wir Sie \u00fcber alle Neuank\u00fcndigungen noch vor der breiten \u00d6ffentlichkeit. Seien Sie unter den Ersten.\" \/>\n<meta property=\"og:url\" content=\"https:\/\/www.dv-immo.ch\/en\/newsletter-registration\/\" \/>\n<meta property=\"og:site_name\" content=\"Della Valle Immobilien\" \/>\n<meta property=\"article:publisher\" content=\"https:\/\/www.facebook.com\/dellavalleimmobilien\/\" \/>\n<meta property=\"article:modified_time\" content=\"2026-02-18T13:09:21+00:00\" \/>\n<meta property=\"og:image\" content=\"https:\/\/www.dv-immo.ch\/wp-content\/uploads\/Firmenlogo-Della-Valle-Immobilien.jpg\" \/>\n\t<meta property=\"og:image:width\" content=\"1200\" \/>\n\t<meta property=\"og:image:height\" content=\"675\" \/>\n\t<meta property=\"og:image:type\" content=\"image\/jpeg\" \/>\n<meta name=\"twitter:card\" content=\"summary_large_image\" \/>\n<script type=\"application\/ld+json\" class=\"yoast-schema-graph\">{\"@context\":\"https:\/\/schema.org\",\"@graph\":[{\"@type\":\"WebPage\",\"@id\":\"https:\/\/www.dv-immo.ch\/newsletter-anmeldung\/\",\"url\":\"https:\/\/www.dv-immo.ch\/newsletter-anmeldung\/\",\"name\":\"Newsletter Anmeldung - Della Valle Immobilien\",\"isPartOf\":{\"@id\":\"https:\/\/www.dv-immo.ch\/#website\"},\"datePublished\":\"2023-07-11T15:42:52+00:00\",\"dateModified\":\"2026-02-18T13:09:21+00:00\",\"description\":\"Als Newsletter-Abonnent informieren wir Sie \u00fcber alle Neuank\u00fcndigungen noch vor der breiten \u00d6ffentlichkeit. Seien Sie unter den Ersten.\",\"breadcrumb\":{\"@id\":\"https:\/\/www.dv-immo.ch\/newsletter-anmeldung\/#breadcrumb\"},\"inLanguage\":\"en-GB\",\"potentialAction\":[{\"@type\":\"ReadAction\",\"target\":[\"https:\/\/www.dv-immo.ch\/newsletter-anmeldung\/\"]}]},{\"@type\":\"BreadcrumbList\",\"@id\":\"https:\/\/www.dv-immo.ch\/newsletter-anmeldung\/#breadcrumb\",\"itemListElement\":[{\"@type\":\"ListItem\",\"position\":1,\"name\":\"Home\",\"item\":\"https:\/\/www.dv-immo.ch\/\"},{\"@type\":\"ListItem\",\"position\":2,\"name\":\"Newsletter Anmeldung\"}]},{\"@type\":\"WebSite\",\"@id\":\"https:\/\/www.dv-immo.ch\/#website\",\"url\":\"https:\/\/www.dv-immo.ch\/\",\"name\":\"Della Valle Immobilien\",\"description\":\"\",\"publisher\":{\"@id\":\"https:\/\/www.dv-immo.ch\/#organization\"},\"potentialAction\":[{\"@type\":\"SearchAction\",\"target\":{\"@type\":\"EntryPoint\",\"urlTemplate\":\"https:\/\/www.dv-immo.ch\/?s={search_term_string}\"},\"query-input\":{\"@type\":\"PropertyValueSpecification\",\"valueRequired\":true,\"valueName\":\"search_term_string\"}}],\"inLanguage\":\"en-GB\"},{\"@type\":\"Organization\",\"@id\":\"https:\/\/www.dv-immo.ch\/#organization\",\"name\":\"Della Valle Immobilien\",\"url\":\"https:\/\/www.dv-immo.ch\/\",\"logo\":{\"@type\":\"ImageObject\",\"inLanguage\":\"en-GB\",\"@id\":\"https:\/\/www.dv-immo.ch\/#\/schema\/logo\/image\/\",\"url\":\"https:\/\/www.dv-immo.ch\/wp-content\/uploads\/DellaValle_Logo_2021_RGB-quadratisch.jpg\",\"contentUrl\":\"https:\/\/www.dv-immo.ch\/wp-content\/uploads\/DellaValle_Logo_2021_RGB-quadratisch.jpg\",\"width\":1093,\"height\":1093,\"caption\":\"Della Valle Immobilien\"},\"image\":{\"@id\":\"https:\/\/www.dv-immo.ch\/#\/schema\/logo\/image\/\"},\"sameAs\":[\"https:\/\/www.facebook.com\/dellavalleimmobilien\/\",\"https:\/\/www.instagram.com\/della_valle_immobilien_ag\/?hl=de\",\"https:\/\/ch.linkedin.com\/company\/della-valle-immobilien-ag\",\"https:\/\/www.youtube.com\/@DellaValleImmobilien\"]}]}<\/script>\n<!-- \/ Yoast SEO plugin. -->","yoast_head_json":{"title":"Newsletter registration - Della Valle Immobilien","description":"As a newsletter subscriber, we will inform you about all new announcements before the general public. Be among the first.","robots":{"index":"index","follow":"follow","max-snippet":"max-snippet:-1","max-image-preview":"max-image-preview:large","max-video-preview":"max-video-preview:-1"},"canonical":"https:\/\/www.dv-immo.ch\/en\/newsletter-registration\/","og_locale":"en_GB","og_type":"article","og_title":"Newsletter Anmeldung - Della Valle Immobilien","og_description":"Als Newsletter-Abonnent informieren wir Sie \u00fcber alle Neuank\u00fcndigungen noch vor der breiten \u00d6ffentlichkeit. Seien Sie unter den Ersten.","og_url":"https:\/\/www.dv-immo.ch\/en\/newsletter-registration\/","og_site_name":"Della Valle Immobilien","article_publisher":"https:\/\/www.facebook.com\/dellavalleimmobilien\/","article_modified_time":"2026-02-18T13:09:21+00:00","og_image":[{"width":1200,"height":675,"url":"https:\/\/www.dv-immo.ch\/wp-content\/uploads\/Firmenlogo-Della-Valle-Immobilien.jpg","type":"image\/jpeg"}],"twitter_card":"summary_large_image","schema":{"@context":"https:\/\/schema.org","@graph":[{"@type":"WebPage","@id":"https:\/\/www.dv-immo.ch\/newsletter-anmeldung\/","url":"https:\/\/www.dv-immo.ch\/newsletter-anmeldung\/","name":"Newsletter registration - Della Valle Immobilien","isPartOf":{"@id":"https:\/\/www.dv-immo.ch\/#website"},"datePublished":"2023-07-11T15:42:52+00:00","dateModified":"2026-02-18T13:09:21+00:00","description":"As a newsletter subscriber, we will inform you about all new announcements before the general public. Be among the first.","breadcrumb":{"@id":"https:\/\/www.dv-immo.ch\/newsletter-anmeldung\/#breadcrumb"},"inLanguage":"en-GB","potentialAction":[{"@type":"ReadAction","target":["https:\/\/www.dv-immo.ch\/newsletter-anmeldung\/"]}]},{"@type":"BreadcrumbList","@id":"https:\/\/www.dv-immo.ch\/newsletter-anmeldung\/#breadcrumb","itemListElement":[{"@type":"ListItem","position":1,"name":"Home","item":"https:\/\/www.dv-immo.ch\/"},{"@type":"ListItem","position":2,"name":"Newsletter Anmeldung"}]},{"@type":"WebSite","@id":"https:\/\/www.dv-immo.ch\/#website","url":"https:\/\/www.dv-immo.ch\/","name":"Della Valle Real Estate","description":"","publisher":{"@id":"https:\/\/www.dv-immo.ch\/#organization"},"potentialAction":[{"@type":"SearchAction","target":{"@type":"EntryPoint","urlTemplate":"https:\/\/www.dv-immo.ch\/?s={search_term_string}"},"query-input":{"@type":"PropertyValueSpecification","valueRequired":true,"valueName":"search_term_string"}}],"inLanguage":"en-GB"},{"@type":"Organization","@id":"https:\/\/www.dv-immo.ch\/#organization","name":"Della Valle Real Estate","url":"https:\/\/www.dv-immo.ch\/","logo":{"@type":"ImageObject","inLanguage":"en-GB","@id":"https:\/\/www.dv-immo.ch\/#\/schema\/logo\/image\/","url":"https:\/\/www.dv-immo.ch\/wp-content\/uploads\/DellaValle_Logo_2021_RGB-quadratisch.jpg","contentUrl":"https:\/\/www.dv-immo.ch\/wp-content\/uploads\/DellaValle_Logo_2021_RGB-quadratisch.jpg","width":1093,"height":1093,"caption":"Della Valle Immobilien"},"image":{"@id":"https:\/\/www.dv-immo.ch\/#\/schema\/logo\/image\/"},"sameAs":["https:\/\/www.facebook.com\/dellavalleimmobilien\/","https:\/\/www.instagram.com\/della_valle_immobilien_ag\/?hl=de","https:\/\/ch.linkedin.com\/company\/della-valle-immobilien-ag","https:\/\/www.youtube.com\/@DellaValleImmobilien"]}]}},"_links":{"self":[{"href":"https:\/\/www.dv-immo.ch\/en\/wp-json\/wp\/v2\/pages\/40896","targetHints":{"allow":["GET"]}}],"collection":[{"href":"https:\/\/www.dv-immo.ch\/en\/wp-json\/wp\/v2\/pages"}],"about":[{"href":"https:\/\/www.dv-immo.ch\/en\/wp-json\/wp\/v2\/types\/page"}],"author":[{"embeddable":true,"href":"https:\/\/www.dv-immo.ch\/en\/wp-json\/wp\/v2\/users\/19"}],"replies":[{"embeddable":true,"href":"https:\/\/www.dv-immo.ch\/en\/wp-json\/wp\/v2\/comments?post=40896"}],"version-history":[{"count":0,"href":"https:\/\/www.dv-immo.ch\/en\/wp-json\/wp\/v2\/pages\/40896\/revisions"}],"wp:attachment":[{"href":"https:\/\/www.dv-immo.ch\/en\/wp-json\/wp\/v2\/media?parent=40896"}],"curies":[{"name":"wp","href":"https:\/\/api.w.org\/{rel}","templated":true}]}}