{"id":46321,"date":"2023-11-22T16:14:20","date_gmt":"2023-11-22T15:14:20","guid":{"rendered":"https:\/\/staging.dv-immo.ch\/?page_id=46321"},"modified":"2024-09-20T10:04:12","modified_gmt":"2024-09-20T08:04:12","slug":"property-search-profile","status":"publish","type":"page","link":"https:\/\/www.dv-immo.ch\/en\/immobilien-suchprofil\/","title":{"rendered":"My search profile"},"content":{"rendered":"<div data-elementor-type=\"wp-page\" data-elementor-id=\"46321\" class=\"elementor elementor-46321\" data-elementor-post-type=\"page\">\n\t\t\t\t\t\t<section class=\"elementor-section elementor-top-section elementor-element elementor-element-398e7ae0 elementor-section-height-min-height elementor-section-boxed elementor-section-height-default elementor-section-items-middle\" data-id=\"398e7ae0\" data-element_type=\"section\" data-e-type=\"section\" data-settings=\"{&quot;background_background&quot;:&quot;classic&quot;}\">\n\t\t\t\t\t\t\t<div class=\"elementor-background-overlay\"><\/div>\n\t\t\t\t\t\t\t<div class=\"elementor-container elementor-column-gap-default\">\n\t\t\t\t\t<div class=\"elementor-column elementor-col-100 elementor-top-column elementor-element elementor-element-27e5a648 elementor-invisible\" data-id=\"27e5a648\" data-element_type=\"column\" data-e-type=\"column\" data-settings=\"{&quot;animation&quot;:&quot;zoomIn&quot;}\">\n\t\t\t<div class=\"elementor-widget-wrap elementor-element-populated\">\n\t\t\t\t\t\t<div class=\"elementor-element elementor-element-7e2154c elementor-invisible elementor-widget elementor-widget-text-editor\" data-id=\"7e2154c\" data-element_type=\"widget\" data-e-type=\"widget\" data-settings=\"{&quot;_animation&quot;:&quot;bounceIn&quot;}\" data-widget_type=\"text-editor.default\">\n\t\t\t\t\t\t\t\t\t<p>Find your dream property faster<\/p>\t\t\t\t\t\t\t\t<\/div>\n\t\t\t\t<div class=\"elementor-element elementor-element-5b562abd elementor-widget elementor-widget-heading\" data-id=\"5b562abd\" data-element_type=\"widget\" data-e-type=\"widget\" data-widget_type=\"heading.default\">\n\t\t\t\t\t<h1 class=\"elementor-heading-title elementor-size-default\">Della Valle search profile<\/h1>\t\t\t\t<\/div>\n\t\t\t\t\t<\/div>\n\t\t<\/div>\n\t\t\t\t\t<\/div>\n\t\t<\/section>\n\t\t\t\t<section class=\"elementor-section elementor-top-section elementor-element elementor-element-df1adb2 elementor-section-boxed elementor-section-height-default elementor-section-height-default\" data-id=\"df1adb2\" data-element_type=\"section\" data-e-type=\"section\">\n\t\t\t\t\t\t<div class=\"elementor-container elementor-column-gap-default\">\n\t\t\t\t\t<div class=\"elementor-column elementor-col-50 elementor-top-column elementor-element elementor-element-98945c9\" data-id=\"98945c9\" data-element_type=\"column\" data-e-type=\"column\">\n\t\t\t<div class=\"elementor-widget-wrap elementor-element-populated\">\n\t\t\t\t\t\t<div class=\"elementor-element elementor-element-28b510d elementor-widget elementor-widget-heading\" data-id=\"28b510d\" data-element_type=\"widget\" data-e-type=\"widget\" data-widget_type=\"heading.default\">\n\t\t\t\t\t<p class=\"elementor-heading-title elementor-size-default\">Della Valle Real Estate<\/p>\t\t\t\t<\/div>\n\t\t\t\t<div class=\"elementor-element elementor-element-a4e5382 elementor-widget elementor-widget-heading\" data-id=\"a4e5382\" data-element_type=\"widget\" data-e-type=\"widget\" data-widget_type=\"heading.default\">\n\t\t\t\t\t<p class=\"elementor-heading-title elementor-size-default\">Activate search profile now<\/p>\t\t\t\t<\/div>\n\t\t\t\t\t<\/div>\n\t\t<\/div>\n\t\t\t\t<div class=\"elementor-column elementor-col-50 elementor-top-column elementor-element elementor-element-d7302cb\" data-id=\"d7302cb\" data-element_type=\"column\" data-e-type=\"column\">\n\t\t\t<div class=\"elementor-widget-wrap elementor-element-populated\">\n\t\t\t\t\t\t<div class=\"elementor-element elementor-element-042d96e elementor-widget elementor-widget-text-editor\" data-id=\"042d96e\" data-element_type=\"widget\" data-e-type=\"widget\" data-widget_type=\"text-editor.default\">\n\t\t\t\t\t\t\t\t\t<p>Leave the search for your dream property to us while you sit back and relax. To make sure you don't miss out on the latest property offers, we offer you our free search profile. Enter your search criteria now and receive suitable offers by e-mail.<\/p>\t\t\t\t\t\t\t\t<\/div>\n\t\t\t\t\t<\/div>\n\t\t<\/div>\n\t\t\t\t\t<\/div>\n\t\t<\/section>\n\t\t\t\t<section class=\"elementor-section elementor-top-section elementor-element elementor-element-206b9ac elementor-section-full_width elementor-section-height-default elementor-section-height-default\" data-id=\"206b9ac\" data-element_type=\"section\" data-e-type=\"section\">\n\t\t\t\t\t\t<div class=\"elementor-container elementor-column-gap-default\">\n\t\t\t\t\t<div class=\"elementor-column elementor-col-100 elementor-top-column elementor-element elementor-element-82ae683\" data-id=\"82ae683\" data-element_type=\"column\" data-e-type=\"column\">\n\t\t\t<div class=\"elementor-widget-wrap elementor-element-populated\">\n\t\t\t\t\t\t<div class=\"elementor-element elementor-element-bae4ca0 elementor-widget elementor-widget-html\" data-id=\"bae4ca0\" data-element_type=\"widget\" data-e-type=\"widget\" data-widget_type=\"html.default\">\n\t\t\t\t\t<script type=\"text\/javascript\" src=\"https:\/\/immo.dv-immo.ch\/resources\/integration\/v2\/\r\nloader.js\"><\/script>\r\n<link rel=\"stylesheet\" type=\"text\/css\" href=\"https:\/\/immo.dv-immo.ch\/resources\/integration\/loader.css\">\r\n<div class=\"ImmomigContainer\">\r\n<iframe class=\"Immomig\" src=\"\" data-src=\"https:\/\/immo.dv-immo.ch\/de\/login\"\r\ndata-hostname=\"https:\/\/immo.dv-immo.ch\" width=\"100%\" height=\"800\"\r\nscrolling=\"no\"><\/iframe>\r\n<\/div>\t\t\t\t<\/div>\n\t\t\t\t\t<\/div>\n\t\t<\/div>\n\t\t\t\t\t<\/div>\n\t\t<\/section>\n\t\t\t\t<\/div>","protected":false},"excerpt":{"rendered":"<p>Finden Sie schneller Ihre Traumimmobilie Della Valle Suchprofil Della Valle Immobilien Jetzt Suchprofil aktivieren \u00dcberlassen Sie uns die Suche nach Ihrer Traumimmobilie, w\u00e4hrend Sie sich zur\u00fccklehnen. Damit Sie die neuesten Immobilienangebote nicht verpassen, bieten wir Ihnen unser kostenloses Suchprofil an. Jetzt Suchkriterien erfassen und passende Angebote via E-Mail erhalten.<\/p>","protected":false},"author":3,"featured_media":0,"parent":0,"menu_order":0,"comment_status":"closed","ping_status":"closed","template":"","meta":{"_acf_changed":false,"footnotes":""},"class_list":["post-46321","page","type-page","status-publish","hentry"],"acf":[],"yoast_head":"<!-- This site is optimized with the Yoast SEO plugin v27.1.1 - https:\/\/yoast.com\/product\/yoast-seo-wordpress\/ -->\n<title>Immobilien Suchprofil erstellen - Della Valle Immobilien<\/title>\n<meta name=\"description\" content=\"Verpassen Sie nicht die neuesten Immobilienangebote. Jetzt Suchkriterien erfassen und passende Immobilien via E-Mail erhalten.\" \/>\n<meta name=\"robots\" content=\"index, follow, max-snippet:-1, max-image-preview:large, max-video-preview:-1\" \/>\n<link rel=\"canonical\" href=\"https:\/\/www.dv-immo.ch\/en\/property-search-profile\/\" \/>\n<meta property=\"og:locale\" content=\"en_GB\" \/>\n<meta property=\"og:type\" content=\"article\" \/>\n<meta property=\"og:title\" content=\"Immobilien Suchprofil erstellen - Della Valle Immobilien\" \/>\n<meta property=\"og:description\" content=\"Verpassen Sie nicht die neuesten Immobilienangebote. Jetzt Suchkriterien erfassen und passende Immobilien via E-Mail erhalten.\" \/>\n<meta property=\"og:url\" content=\"https:\/\/www.dv-immo.ch\/en\/property-search-profile\/\" \/>\n<meta property=\"og:site_name\" content=\"Della Valle Immobilien\" \/>\n<meta property=\"article:publisher\" content=\"https:\/\/www.facebook.com\/dellavalleimmobilien\/\" \/>\n<meta property=\"article:modified_time\" content=\"2024-09-20T08:04:12+00:00\" \/>\n<meta property=\"og:image\" content=\"https:\/\/www.dv-immo.ch\/wp-content\/uploads\/Firmenlogo-Della-Valle-Immobilien.jpg\" \/>\n\t<meta property=\"og:image:width\" content=\"1200\" \/>\n\t<meta property=\"og:image:height\" content=\"675\" \/>\n\t<meta property=\"og:image:type\" content=\"image\/jpeg\" \/>\n<meta name=\"twitter:card\" content=\"summary_large_image\" \/>\n<script type=\"application\/ld+json\" class=\"yoast-schema-graph\">{\"@context\":\"https:\/\/schema.org\",\"@graph\":[{\"@type\":\"WebPage\",\"@id\":\"https:\/\/www.dv-immo.ch\/immobilien-suchprofil\/\",\"url\":\"https:\/\/www.dv-immo.ch\/immobilien-suchprofil\/\",\"name\":\"Immobilien Suchprofil erstellen - Della Valle Immobilien\",\"isPartOf\":{\"@id\":\"https:\/\/www.dv-immo.ch\/#website\"},\"datePublished\":\"2023-11-22T15:14:20+00:00\",\"dateModified\":\"2024-09-20T08:04:12+00:00\",\"description\":\"Verpassen Sie nicht die neuesten Immobilienangebote. Jetzt Suchkriterien erfassen und passende Immobilien via E-Mail erhalten.\",\"breadcrumb\":{\"@id\":\"https:\/\/www.dv-immo.ch\/immobilien-suchprofil\/#breadcrumb\"},\"inLanguage\":\"en-GB\",\"potentialAction\":[{\"@type\":\"ReadAction\",\"target\":[\"https:\/\/www.dv-immo.ch\/immobilien-suchprofil\/\"]}]},{\"@type\":\"BreadcrumbList\",\"@id\":\"https:\/\/www.dv-immo.ch\/immobilien-suchprofil\/#breadcrumb\",\"itemListElement\":[{\"@type\":\"ListItem\",\"position\":1,\"name\":\"Home\",\"item\":\"https:\/\/www.dv-immo.ch\/\"},{\"@type\":\"ListItem\",\"position\":2,\"name\":\"Mein Suchprofil\"}]},{\"@type\":\"WebSite\",\"@id\":\"https:\/\/www.dv-immo.ch\/#website\",\"url\":\"https:\/\/www.dv-immo.ch\/\",\"name\":\"Della Valle Immobilien\",\"description\":\"\",\"publisher\":{\"@id\":\"https:\/\/www.dv-immo.ch\/#organization\"},\"potentialAction\":[{\"@type\":\"SearchAction\",\"target\":{\"@type\":\"EntryPoint\",\"urlTemplate\":\"https:\/\/www.dv-immo.ch\/?s={search_term_string}\"},\"query-input\":{\"@type\":\"PropertyValueSpecification\",\"valueRequired\":true,\"valueName\":\"search_term_string\"}}],\"inLanguage\":\"en-GB\"},{\"@type\":\"Organization\",\"@id\":\"https:\/\/www.dv-immo.ch\/#organization\",\"name\":\"Della Valle Immobilien\",\"url\":\"https:\/\/www.dv-immo.ch\/\",\"logo\":{\"@type\":\"ImageObject\",\"inLanguage\":\"en-GB\",\"@id\":\"https:\/\/www.dv-immo.ch\/#\/schema\/logo\/image\/\",\"url\":\"https:\/\/www.dv-immo.ch\/wp-content\/uploads\/DellaValle_Logo_2021_RGB-quadratisch.jpg\",\"contentUrl\":\"https:\/\/www.dv-immo.ch\/wp-content\/uploads\/DellaValle_Logo_2021_RGB-quadratisch.jpg\",\"width\":1093,\"height\":1093,\"caption\":\"Della Valle Immobilien\"},\"image\":{\"@id\":\"https:\/\/www.dv-immo.ch\/#\/schema\/logo\/image\/\"},\"sameAs\":[\"https:\/\/www.facebook.com\/dellavalleimmobilien\/\",\"https:\/\/www.instagram.com\/della_valle_immobilien_ag\/?hl=de\",\"https:\/\/ch.linkedin.com\/company\/della-valle-immobilien-ag\",\"https:\/\/www.youtube.com\/@DellaValleImmobilien\"]}]}<\/script>\n<!-- \/ Yoast SEO plugin. -->","yoast_head_json":{"title":"Create a property search profile - Della Valle Immobilien","description":"Don't miss out on the latest property offers. Enter your search criteria now and receive suitable properties by e-mail.","robots":{"index":"index","follow":"follow","max-snippet":"max-snippet:-1","max-image-preview":"max-image-preview:large","max-video-preview":"max-video-preview:-1"},"canonical":"https:\/\/www.dv-immo.ch\/en\/property-search-profile\/","og_locale":"en_GB","og_type":"article","og_title":"Immobilien Suchprofil erstellen - Della Valle Immobilien","og_description":"Verpassen Sie nicht die neuesten Immobilienangebote. Jetzt Suchkriterien erfassen und passende Immobilien via E-Mail erhalten.","og_url":"https:\/\/www.dv-immo.ch\/en\/property-search-profile\/","og_site_name":"Della Valle Immobilien","article_publisher":"https:\/\/www.facebook.com\/dellavalleimmobilien\/","article_modified_time":"2024-09-20T08:04:12+00:00","og_image":[{"width":1200,"height":675,"url":"https:\/\/www.dv-immo.ch\/wp-content\/uploads\/Firmenlogo-Della-Valle-Immobilien.jpg","type":"image\/jpeg"}],"twitter_card":"summary_large_image","schema":{"@context":"https:\/\/schema.org","@graph":[{"@type":"WebPage","@id":"https:\/\/www.dv-immo.ch\/immobilien-suchprofil\/","url":"https:\/\/www.dv-immo.ch\/immobilien-suchprofil\/","name":"Create a property search profile - Della Valle Immobilien","isPartOf":{"@id":"https:\/\/www.dv-immo.ch\/#website"},"datePublished":"2023-11-22T15:14:20+00:00","dateModified":"2024-09-20T08:04:12+00:00","description":"Don't miss out on the latest property offers. Enter your search criteria now and receive suitable properties by e-mail.","breadcrumb":{"@id":"https:\/\/www.dv-immo.ch\/immobilien-suchprofil\/#breadcrumb"},"inLanguage":"en-GB","potentialAction":[{"@type":"ReadAction","target":["https:\/\/www.dv-immo.ch\/immobilien-suchprofil\/"]}]},{"@type":"BreadcrumbList","@id":"https:\/\/www.dv-immo.ch\/immobilien-suchprofil\/#breadcrumb","itemListElement":[{"@type":"ListItem","position":1,"name":"Home","item":"https:\/\/www.dv-immo.ch\/"},{"@type":"ListItem","position":2,"name":"Mein Suchprofil"}]},{"@type":"WebSite","@id":"https:\/\/www.dv-immo.ch\/#website","url":"https:\/\/www.dv-immo.ch\/","name":"Della Valle Real Estate","description":"","publisher":{"@id":"https:\/\/www.dv-immo.ch\/#organization"},"potentialAction":[{"@type":"SearchAction","target":{"@type":"EntryPoint","urlTemplate":"https:\/\/www.dv-immo.ch\/?s={search_term_string}"},"query-input":{"@type":"PropertyValueSpecification","valueRequired":true,"valueName":"search_term_string"}}],"inLanguage":"en-GB"},{"@type":"Organization","@id":"https:\/\/www.dv-immo.ch\/#organization","name":"Della Valle Real Estate","url":"https:\/\/www.dv-immo.ch\/","logo":{"@type":"ImageObject","inLanguage":"en-GB","@id":"https:\/\/www.dv-immo.ch\/#\/schema\/logo\/image\/","url":"https:\/\/www.dv-immo.ch\/wp-content\/uploads\/DellaValle_Logo_2021_RGB-quadratisch.jpg","contentUrl":"https:\/\/www.dv-immo.ch\/wp-content\/uploads\/DellaValle_Logo_2021_RGB-quadratisch.jpg","width":1093,"height":1093,"caption":"Della Valle Immobilien"},"image":{"@id":"https:\/\/www.dv-immo.ch\/#\/schema\/logo\/image\/"},"sameAs":["https:\/\/www.facebook.com\/dellavalleimmobilien\/","https:\/\/www.instagram.com\/della_valle_immobilien_ag\/?hl=de","https:\/\/ch.linkedin.com\/company\/della-valle-immobilien-ag","https:\/\/www.youtube.com\/@DellaValleImmobilien"]}]}},"_links":{"self":[{"href":"https:\/\/www.dv-immo.ch\/en\/wp-json\/wp\/v2\/pages\/46321","targetHints":{"allow":["GET"]}}],"collection":[{"href":"https:\/\/www.dv-immo.ch\/en\/wp-json\/wp\/v2\/pages"}],"about":[{"href":"https:\/\/www.dv-immo.ch\/en\/wp-json\/wp\/v2\/types\/page"}],"author":[{"embeddable":true,"href":"https:\/\/www.dv-immo.ch\/en\/wp-json\/wp\/v2\/users\/3"}],"replies":[{"embeddable":true,"href":"https:\/\/www.dv-immo.ch\/en\/wp-json\/wp\/v2\/comments?post=46321"}],"version-history":[{"count":0,"href":"https:\/\/www.dv-immo.ch\/en\/wp-json\/wp\/v2\/pages\/46321\/revisions"}],"wp:attachment":[{"href":"https:\/\/www.dv-immo.ch\/en\/wp-json\/wp\/v2\/media?parent=46321"}],"curies":[{"name":"wp","href":"https:\/\/api.w.org\/{rel}","templated":true}]}}